{"id":29,"date":"2025-04-10T13:41:12","date_gmt":"2025-04-10T13:41:12","guid":{"rendered":"https:\/\/kunelbar.rkinformatika.online\/?page_id=29"},"modified":"2025-05-12T09:57:09","modified_gmt":"2025-05-12T09:57:09","slug":"quien-somos","status":"publish","type":"page","link":"https:\/\/tienda.kunelbar.com\/eu\/quien-somos\/","title":{"rendered":"Qui\u00e9n Somos"},"content":{"rendered":"\t\t<div data-elementor-type=\"wp-page\" data-elementor-id=\"29\" class=\"elementor elementor-29\" data-elementor-post-type=\"page\">\n\t\t\t\t<div class=\"elementor-element elementor-element-8164030 e-flex e-con-boxed e-con e-parent\" data-id=\"8164030\" data-element_type=\"container\" data-e-type=\"container\" data-settings=\"{&quot;background_background&quot;:&quot;classic&quot;}\">\n\t\t\t\t\t<div class=\"e-con-inner\">\n\t\t\t\t\t<\/div>\n\t\t\t\t<\/div>\n\t\t<div class=\"elementor-element elementor-element-0aeb958 e-flex e-con-boxed e-con e-parent\" data-id=\"0aeb958\" data-element_type=\"container\" data-e-type=\"container\" data-settings=\"{&quot;background_background&quot;:&quot;classic&quot;}\">\n\t\t\t\t\t<div class=\"e-con-inner\">\n\t\t<div class=\"elementor-element elementor-element-b53c7fb e-con-full e-flex e-con e-child\" data-id=\"b53c7fb\" data-element_type=\"container\" data-e-type=\"container\" data-settings=\"{&quot;background_background&quot;:&quot;classic&quot;}\">\n\t\t\t\t<div class=\"elementor-element elementor-element-d06ebe8 elementor-widget elementor-widget-heading\" data-id=\"d06ebe8\" data-element_type=\"widget\" data-e-type=\"widget\" data-widget_type=\"heading.default\">\n\t\t\t\t<div class=\"elementor-widget-container\">\n\t\t\t\t\t<h2 class=\"elementor-heading-title elementor-size-default\">K\u00daNEL DONBURI BAR<\/h2>\t\t\t\t<\/div>\n\t\t\t\t<\/div>\n\t\t\t\t<div class=\"elementor-element elementor-element-77a34a6 elementor-widget elementor-widget-text-editor\" data-id=\"77a34a6\" data-element_type=\"widget\" data-e-type=\"widget\" data-widget_type=\"text-editor.default\">\n\t\t\t\t<div class=\"elementor-widget-container\">\n\t\t\t\t\t\t\t\t\t<p class=\"\" data-start=\"122\" data-end=\"389\">K\u00daNEL nace del sue\u00f1o de una pareja de ra\u00edces japonesas con una larga trayectoria en la hosteler\u00eda. Cansados de los estereotipos que reducen la gastronom\u00eda japonesa al sushi, decidieron mostrar una nueva cara de Jap\u00f3n en Europa: m\u00e1s urbana, m\u00e1s aut\u00e9ntica, m\u00e1s cercana.<\/p><p class=\"\" data-start=\"391\" data-end=\"649\">Inspirados por el donburi, un plato tradicional lleno de historia y sabor, crearon un espacio donde el buen comer se combina con una filosof\u00eda de vida. En K\u00daNEL, el servicio es fresco, honesto y moderno, sin perder la esencia y valores del Jap\u00f3n cl\u00e1sico.<\/p><p class=\"\" data-start=\"651\" data-end=\"758\">No solo servimos comida. Queremos encender tu curiosidad y dejar una huella en tu paladar\u2026 y en tu coraz\u00f3n.<\/p>\t\t\t\t\t\t\t\t<\/div>\n\t\t\t\t<\/div>\n\t\t\t\t<\/div>\n\t\t<div class=\"elementor-element elementor-element-bb1a0a0 e-con-full e-flex e-con e-child\" data-id=\"bb1a0a0\" data-element_type=\"container\" data-e-type=\"container\" data-settings=\"{&quot;background_background&quot;:&quot;classic&quot;}\">\n\t\t\t\t<\/div>\n\t\t\t\t\t<\/div>\n\t\t\t\t<\/div>\n\t\t<div class=\"elementor-element elementor-element-d4e4725 e-flex e-con-boxed e-con e-parent\" data-id=\"d4e4725\" data-element_type=\"container\" data-e-type=\"container\" data-settings=\"{&quot;background_background&quot;:&quot;classic&quot;,&quot;background_motion_fx_motion_fx_scrolling&quot;:&quot;yes&quot;,&quot;background_motion_fx_devices&quot;:[&quot;desktop&quot;,&quot;tablet&quot;,&quot;mobile&quot;]}\">\n\t\t\t\t\t<div class=\"e-con-inner\">\n\t\t<div class=\"elementor-element elementor-element-b0961d9 e-con-full e-flex e-con e-child\" data-id=\"b0961d9\" data-element_type=\"container\" data-e-type=\"container\">\n\t\t\t\t<div class=\"elementor-element elementor-element-5efa54a elementor-widget elementor-widget-heading\" data-id=\"5efa54a\" data-element_type=\"widget\" data-e-type=\"widget\" data-widget_type=\"heading.default\">\n\t\t\t\t<div class=\"elementor-widget-container\">\n\t\t\t\t\t<h2 class=\"elementor-heading-title elementor-size-default\">Reserva ahora.<\/h2>\t\t\t\t<\/div>\n\t\t\t\t<\/div>\n\t\t\t\t<div class=\"elementor-element elementor-element-d506976 elementor-align-center elementor-widget elementor-widget-button\" data-id=\"d506976\" data-element_type=\"widget\" data-e-type=\"widget\" data-widget_type=\"button.default\">\n\t\t\t\t<div class=\"elementor-widget-container\">\n\t\t\t\t\t\t\t\t\t<div class=\"elementor-button-wrapper\">\n\t\t\t\t\t<a class=\"elementor-button elementor-button-link elementor-size-sm elementor-animation-grow\" href=\"https:\/\/tienda.kunelbar.com\/contacto\/\">\n\t\t\t\t\t\t<span class=\"elementor-button-content-wrapper\">\n\t\t\t\t\t\t\t\t\t<span class=\"elementor-button-text\">Reserva ahora<\/span>\n\t\t\t\t\t<\/span>\n\t\t\t\t\t<\/a>\n\t\t\t\t<\/div>\n\t\t\t\t\t\t\t\t<\/div>\n\t\t\t\t<\/div>\n\t\t\t\t<\/div>\n\t\t\t\t\t<\/div>\n\t\t\t\t<\/div>\n\t\t\t\t<\/div>\n\t\t","protected":false},"excerpt":{"rendered":"<p>K\u00daNEL DONBURI BAR K\u00daNEL nace del sue\u00f1o de una pareja de ra\u00edces japonesas con una larga trayectoria en la hosteler\u00eda. Cansados de los estereotipos que reducen la gastronom\u00eda japonesa al sushi, decidieron mostrar una nueva cara de Jap\u00f3n en Europa: m\u00e1s urbana, m\u00e1s aut\u00e9ntica, m\u00e1s cercana. Inspirados por el donburi, un plato tradicional lleno de [&hellip;]<\/p>\n","protected":false},"author":1,"featured_media":0,"parent":0,"menu_order":0,"comment_status":"closed","ping_status":"closed","template":"elementor_canvas","meta":{"footnotes":""},"class_list":["post-29","page","type-page","status-publish","hentry"],"yoast_head":"<!-- This site is optimized with the Yoast SEO plugin v27.4 - https:\/\/yoast.com\/product\/yoast-seo-wordpress\/ -->\n<title>Qui\u00e9n Somos - K\u00fanel Donburi Bar<\/title>\n<meta name=\"robots\" content=\"index, follow, max-snippet:-1, max-image-preview:large, max-video-preview:-1\" \/>\n<link rel=\"canonical\" href=\"https:\/\/tienda.kunelbar.com\/eu\/quien-somos\/\" \/>\n<meta property=\"og:locale\" content=\"en_US\" \/>\n<meta property=\"og:type\" content=\"article\" \/>\n<meta property=\"og:title\" content=\"Qui\u00e9n Somos - K\u00fanel Donburi Bar\" \/>\n<meta property=\"og:description\" content=\"K\u00daNEL DONBURI BAR K\u00daNEL nace del sue\u00f1o de una pareja de ra\u00edces japonesas con una larga trayectoria en la hosteler\u00eda. Cansados de los estereotipos que reducen la gastronom\u00eda japonesa al sushi, decidieron mostrar una nueva cara de Jap\u00f3n en Europa: m\u00e1s urbana, m\u00e1s aut\u00e9ntica, m\u00e1s cercana. Inspirados por el donburi, un plato tradicional lleno de [&hellip;]\" \/>\n<meta property=\"og:url\" content=\"https:\/\/tienda.kunelbar.com\/eu\/quien-somos\/\" \/>\n<meta property=\"og:site_name\" content=\"K\u00fanel Donburi Bar\" \/>\n<meta property=\"article:modified_time\" content=\"2025-05-12T09:57:09+00:00\" \/>\n<meta name=\"twitter:card\" content=\"summary_large_image\" \/>\n<meta name=\"twitter:label1\" content=\"Est. reading time\" \/>\n\t<meta name=\"twitter:data1\" content=\"1 minutua\" \/>\n<script type=\"application\/ld+json\" class=\"yoast-schema-graph\">{\"@context\":\"https:\\\/\\\/schema.org\",\"@graph\":[{\"@type\":\"WebPage\",\"@id\":\"https:\\\/\\\/tienda.kunelbar.com\\\/quien-somos\\\/\",\"url\":\"https:\\\/\\\/tienda.kunelbar.com\\\/quien-somos\\\/\",\"name\":\"Qui\u00e9n Somos - K\u00fanel Donburi Bar\",\"isPartOf\":{\"@id\":\"https:\\\/\\\/tienda.kunelbar.com\\\/#website\"},\"datePublished\":\"2025-04-10T13:41:12+00:00\",\"dateModified\":\"2025-05-12T09:57:09+00:00\",\"breadcrumb\":{\"@id\":\"https:\\\/\\\/tienda.kunelbar.com\\\/quien-somos\\\/#breadcrumb\"},\"inLanguage\":\"eu\",\"potentialAction\":[{\"@type\":\"ReadAction\",\"target\":[\"https:\\\/\\\/tienda.kunelbar.com\\\/quien-somos\\\/\"]}]},{\"@type\":\"BreadcrumbList\",\"@id\":\"https:\\\/\\\/tienda.kunelbar.com\\\/quien-somos\\\/#breadcrumb\",\"itemListElement\":[{\"@type\":\"ListItem\",\"position\":1,\"name\":\"Portada\",\"item\":\"https:\\\/\\\/tienda.kunelbar.com\\\/\"},{\"@type\":\"ListItem\",\"position\":2,\"name\":\"Qui\u00e9n Somos\"}]},{\"@type\":\"WebSite\",\"@id\":\"https:\\\/\\\/tienda.kunelbar.com\\\/#website\",\"url\":\"https:\\\/\\\/tienda.kunelbar.com\\\/\",\"name\":\"K\u00fanel Donburi Bar\",\"description\":\"\",\"publisher\":{\"@id\":\"https:\\\/\\\/tienda.kunelbar.com\\\/#organization\"},\"potentialAction\":[{\"@type\":\"SearchAction\",\"target\":{\"@type\":\"EntryPoint\",\"urlTemplate\":\"https:\\\/\\\/tienda.kunelbar.com\\\/?s={search_term_string}\"},\"query-input\":{\"@type\":\"PropertyValueSpecification\",\"valueRequired\":true,\"valueName\":\"search_term_string\"}}],\"inLanguage\":\"eu\"},{\"@type\":\"Organization\",\"@id\":\"https:\\\/\\\/tienda.kunelbar.com\\\/#organization\",\"name\":\"K\u00fanel Donburi Bar\",\"url\":\"https:\\\/\\\/tienda.kunelbar.com\\\/\",\"logo\":{\"@type\":\"ImageObject\",\"inLanguage\":\"eu\",\"@id\":\"https:\\\/\\\/tienda.kunelbar.com\\\/#\\\/schema\\\/logo\\\/image\\\/\",\"url\":\"https:\\\/\\\/tienda.kunelbar.com\\\/wp-content\\\/uploads\\\/2025\\\/04\\\/cropped-Captura_desde_2025-04-10_15-33-40-removebg-preview.png\",\"contentUrl\":\"https:\\\/\\\/tienda.kunelbar.com\\\/wp-content\\\/uploads\\\/2025\\\/04\\\/cropped-Captura_desde_2025-04-10_15-33-40-removebg-preview.png\",\"width\":583,\"height\":400,\"caption\":\"K\u00fanel Donburi Bar\"},\"image\":{\"@id\":\"https:\\\/\\\/tienda.kunelbar.com\\\/#\\\/schema\\\/logo\\\/image\\\/\"}}]}<\/script>\n<!-- \/ Yoast SEO plugin. -->","yoast_head_json":{"title":"Qui\u00e9n Somos - K\u00fanel Donburi Bar","robots":{"index":"index","follow":"follow","max-snippet":"max-snippet:-1","max-image-preview":"max-image-preview:large","max-video-preview":"max-video-preview:-1"},"canonical":"https:\/\/tienda.kunelbar.com\/eu\/quien-somos\/","og_locale":"en_US","og_type":"article","og_title":"Qui\u00e9n Somos - K\u00fanel Donburi Bar","og_description":"K\u00daNEL DONBURI BAR K\u00daNEL nace del sue\u00f1o de una pareja de ra\u00edces japonesas con una larga trayectoria en la hosteler\u00eda. Cansados de los estereotipos que reducen la gastronom\u00eda japonesa al sushi, decidieron mostrar una nueva cara de Jap\u00f3n en Europa: m\u00e1s urbana, m\u00e1s aut\u00e9ntica, m\u00e1s cercana. Inspirados por el donburi, un plato tradicional lleno de [&hellip;]","og_url":"https:\/\/tienda.kunelbar.com\/eu\/quien-somos\/","og_site_name":"K\u00fanel Donburi Bar","article_modified_time":"2025-05-12T09:57:09+00:00","twitter_card":"summary_large_image","twitter_misc":{"Est. reading time":"1 minutua"},"schema":{"@context":"https:\/\/schema.org","@graph":[{"@type":"WebPage","@id":"https:\/\/tienda.kunelbar.com\/quien-somos\/","url":"https:\/\/tienda.kunelbar.com\/quien-somos\/","name":"Qui\u00e9n Somos - K\u00fanel Donburi Bar","isPartOf":{"@id":"https:\/\/tienda.kunelbar.com\/#website"},"datePublished":"2025-04-10T13:41:12+00:00","dateModified":"2025-05-12T09:57:09+00:00","breadcrumb":{"@id":"https:\/\/tienda.kunelbar.com\/quien-somos\/#breadcrumb"},"inLanguage":"eu","potentialAction":[{"@type":"ReadAction","target":["https:\/\/tienda.kunelbar.com\/quien-somos\/"]}]},{"@type":"BreadcrumbList","@id":"https:\/\/tienda.kunelbar.com\/quien-somos\/#breadcrumb","itemListElement":[{"@type":"ListItem","position":1,"name":"Portada","item":"https:\/\/tienda.kunelbar.com\/"},{"@type":"ListItem","position":2,"name":"Qui\u00e9n Somos"}]},{"@type":"WebSite","@id":"https:\/\/tienda.kunelbar.com\/#website","url":"https:\/\/tienda.kunelbar.com\/","name":"K\u00fanel Donburi Bar","description":"","publisher":{"@id":"https:\/\/tienda.kunelbar.com\/#organization"},"potentialAction":[{"@type":"SearchAction","target":{"@type":"EntryPoint","urlTemplate":"https:\/\/tienda.kunelbar.com\/?s={search_term_string}"},"query-input":{"@type":"PropertyValueSpecification","valueRequired":true,"valueName":"search_term_string"}}],"inLanguage":"eu"},{"@type":"Organization","@id":"https:\/\/tienda.kunelbar.com\/#organization","name":"K\u00fanel Donburi Bar","url":"https:\/\/tienda.kunelbar.com\/","logo":{"@type":"ImageObject","inLanguage":"eu","@id":"https:\/\/tienda.kunelbar.com\/#\/schema\/logo\/image\/","url":"https:\/\/tienda.kunelbar.com\/wp-content\/uploads\/2025\/04\/cropped-Captura_desde_2025-04-10_15-33-40-removebg-preview.png","contentUrl":"https:\/\/tienda.kunelbar.com\/wp-content\/uploads\/2025\/04\/cropped-Captura_desde_2025-04-10_15-33-40-removebg-preview.png","width":583,"height":400,"caption":"K\u00fanel Donburi Bar"},"image":{"@id":"https:\/\/tienda.kunelbar.com\/#\/schema\/logo\/image\/"}}]}},"_links":{"self":[{"href":"https:\/\/tienda.kunelbar.com\/eu\/wp-json\/wp\/v2\/pages\/29","targetHints":{"allow":["GET"]}}],"collection":[{"href":"https:\/\/tienda.kunelbar.com\/eu\/wp-json\/wp\/v2\/pages"}],"about":[{"href":"https:\/\/tienda.kunelbar.com\/eu\/wp-json\/wp\/v2\/types\/page"}],"author":[{"embeddable":true,"href":"https:\/\/tienda.kunelbar.com\/eu\/wp-json\/wp\/v2\/users\/1"}],"replies":[{"embeddable":true,"href":"https:\/\/tienda.kunelbar.com\/eu\/wp-json\/wp\/v2\/comments?post=29"}],"version-history":[{"count":268,"href":"https:\/\/tienda.kunelbar.com\/eu\/wp-json\/wp\/v2\/pages\/29\/revisions"}],"predecessor-version":[{"id":2502,"href":"https:\/\/tienda.kunelbar.com\/eu\/wp-json\/wp\/v2\/pages\/29\/revisions\/2502"}],"wp:attachment":[{"href":"https:\/\/tienda.kunelbar.com\/eu\/wp-json\/wp\/v2\/media?parent=29"}],"curies":[{"name":"wp","href":"https:\/\/api.w.org\/{rel}","templated":true}]}}